{"id":6,"date":"2023-09-08T17:27:08","date_gmt":"2023-09-08T15:27:08","guid":{"rendered":"http:\/\/geneadc.ddns.net\/?page_id=2"},"modified":"2025-11-01T15:52:39","modified_gmt":"2025-11-01T14:52:39","slug":"page-d-exemple","status":"publish","type":"page","link":"https:\/\/geneadc.ddns.net\/","title":{"rendered":"Bienvenue"},"content":{"rendered":"\n<figure class=\"wp-block-image size-full\"><a href=\"https:\/\/www.comune.viggiu.va.it\/hh\/index.php\"><img loading=\"lazy\" decoding=\"async\" width=\"1000\" height=\"339\" src=\"https:\/\/geneadc.ddns.net\/wp-content\/uploads\/2023\/09\/View_of_Viggiu_Italy.jpg\" alt=\"\" class=\"wp-image-72\" srcset=\"https:\/\/geneadc.ddns.net\/wp-content\/uploads\/2023\/09\/View_of_Viggiu_Italy.jpg 1000w, https:\/\/geneadc.ddns.net\/wp-content\/uploads\/2023\/09\/View_of_Viggiu_Italy-300x102.jpg 300w, https:\/\/geneadc.ddns.net\/wp-content\/uploads\/2023\/09\/View_of_Viggiu_Italy-768x260.jpg 768w\" sizes=\"auto, (max-width: 1000px) 100vw, 1000px\" \/><\/a><\/figure>\n\n\n\n<p class=\"has-text-align-center\"><font size=\"2\"><a href=\"https:\/\/comune.viggiu.va.it\/home\">Viggi\u00f9<\/a>, (province de Var\u00e8se, Italie ; on prononce \u00ab\u00a0<em>vidjou<\/em>\u00ab\u00a0)<\/font><\/p>\n\n\n\n<figure class=\"wp-block-image size-large\"><a href=\"\/_data\/arbre_051024.jpg\"><img decoding=\"async\" src=\"https:\/\/geneadc.ddns.net\/_data\/arbre_small.png\" alt=\"\"\/><\/a><\/figure>\n\n\n\n<p><\/p>\n\n\n\n<ul class=\"wp-block-list\">\n<li><strong>Arbre g\u00e9n\u00e9alogique <\/strong>de <a href=\"mailto: denis.casanova@free.fr\">Denis CASANOVA<\/a><br><br> &#8211; en \u00e9ventail \u00e0 <a href=\"\/_data\/uatu_fan_7gen.pdf\">7 g\u00e9n\u00e9rations<\/a> <font size=\"2\">(28\/07\/2025)<\/font><br> &#8211; en \u00e9ventail \u00e0 <a href=\"\/_data\/uatu_fan_10gen.pdf\">10 g\u00e9n\u00e9rations<\/a> <font size=\"2\">(28\/07\/2025)<\/font><\/li>\n<\/ul>\n\n\n\n<figure class=\"wp-block-image size-large\"><img decoding=\"async\" src=\"\/_data\/uatu_fan_7.png\" alt=\"\"\/><\/figure>\n\n\n\n<p class=\"has-text-align-center\">&#8211; classic \u00e0 <a href=\"\/_data\/uatu_classic_7gen.pdf\">7 g\u00e9n\u00e9rations<\/a> <font size=\"2\">(01\/11\/2025)<\/font><br> &#8211; classic \u00e0 <a href=\"\/_data\/uatu_classic_10gen.pdf\">10 g\u00e9n\u00e9rations<\/a> <font size=\"2\">(01\/11\/2025)<\/font><\/p>\n\n\n\n<figure class=\"wp-block-image size-large\"><img decoding=\"async\" src=\"\/_data\/uatu_classic_7.png\" alt=\"\"\/><\/figure>\n\n\n\n<p class=\"has-text-align-center\"><br>>>> Arbre complet <a href=\"\/_data\/arbre_FILAE.pdf\">FILAE<\/a> des ascendants <font size=\"2\">(01\/11\/2025)<\/font><br>4031 ascendants directs<br> 1677 patronymes<\/p>\n\n\n\n<p class=\"has-text-align-center\">>>> Arbre horizontal <a href=\"\/_data\/wintree.pdf\">wintree<\/a> <font size=\"2\">(01\/11\/2025)<\/font><br><br>Branche compl\u00e8te des grands-parents:<br><a href=\"\/_data\/ASC_ARNOUD.pdf\">ARNOUD<\/a> &#8211; <a href=\"\/_data\/ASC_CASANOVA.pdf\">CASANOVA<\/a> \/ <a href=\"\/_data\/ASC_BAVAY.pdf\">BAVAY<\/a> &#8211; <a href=\"\/_data\/ASC_DHONT.pdf\">DHONT<\/a><\/p>\n\n\n\n<p class=\"has-text-align-center\"><\/p>\n\n\n\n<hr class=\"wp-block-separator has-alpha-channel-opacity\"\/>\n\n\n\n<p class=\"has-text-align-center\">Page <strong><a href=\"https:\/\/gw.geneanet.org\/uatu_w?lp=0\" target=\"_blank\" rel=\"noreferrer noopener\">Geneanet<\/a><\/strong><br>Page <a href=\"https:\/\/www.filae.com\/v4\/genealogie\/Tree\/Tree\/2217654196\" target=\"_blank\" rel=\"noreferrer noopener\">FILAE<\/a><br><\/p>\n\n\n\n<hr class=\"wp-block-separator has-alpha-channel-opacity\"\/>\n\n\n\n<ul class=\"wp-block-list\">\n<li><strong><a href=\"\/_data\/casanova_ancestris-graph.svg\">Graphe<\/a><\/strong> de tous <font size=\"2\">(10585)<\/font> les individus <font size=\"2\">(01\/11\/2025)<\/font><\/li>\n<\/ul>\n\n\n\n<figure class=\"wp-block-image size-large\"><a href=\"\/_data\/casanova_ancestris-graph.svg\"><img decoding=\"async\" src=\"\/_data\/graph.png\" alt=\"\"\/><\/a><\/figure>\n\n\n\n<hr class=\"wp-block-separator has-alpha-channel-opacity\"\/>\n\n\n\n<ul class=\"wp-block-list\">\n<li><a href=\"\/_data\/chronologies\/\">Chronologies<\/a><\/li>\n\n\n\n<li><strong><a href=\"\/_data\/PATRONOMIA_Les_ancetres_de_Denis_CASANOVA.pdf\">Histoire de Famille<\/a> <\/strong>(PATRONOMIA)<\/li>\n\n\n\n<li>&gt;&gt;&gt; <a href=\"\/_data\/casanova.pdf\">CASANOVA<\/a> &lt;&lt;&lt; (Recherche ItalianSide)<\/li>\n<\/ul>\n\n\n\n<p><\/p>\n\n\n\n<p><\/p>\n\n\n\n<ul class=\"wp-block-list\">\n<li><strong>Cousins c\u00e9l\u00e8bres<\/strong><br> &#8211; <a href=\"\/_data\/Christophe LEFEURE - Indices - Geneanet.pdf\">Carole BOUQUET<\/a> &gt; LEFEURE<br> &#8211; <a href=\"\/_data\/Jacques MARIE - Indices - Geneanet.pdf\">David DOUILLET<\/a> &gt; MARIE<br> &#8211; <a href=\"\/_data\/Catherine Catherina KREMER - Indices - Geneanet.pdf\">Patricia KAAS<\/a> &gt; KREMER<\/li>\n<\/ul>\n\n\n\n<hr class=\"wp-block-separator has-alpha-channel-opacity\"\/>\n\n\n\n<ul class=\"wp-block-list\">\n<li><strong>Noms les plus port\u00e9s<\/strong><\/li>\n\n\n\n<figure class=\"wp-block-image size-large\"><img decoding=\"async\" src=\"\/_data\/noms.png\" alt=\"\"\/><\/figure>\n\n\n\n<figure class=\"wp-block-image size-large\"><img decoding=\"async\" src=\"\/_data\/communes.png\" alt=\"\"\/><\/figure>\n<\/ul>\n\n\n\n<figure class=\"wp-block-image size-large\"><img decoding=\"async\" src=\"\/_data\/carte_FILAE.png\" alt=\"\"\/><\/figure>\n\n\n\n<p><font size=\"2\">(jusqu&rsquo;\u00e0 la g\u00e9n\u00e9ration 7)<\/font><\/p>\n\n\n\n<figure class=\"wp-block-image size-large\"><img decoding=\"async\" src=\"\/_data\/geo7.png\" alt=\"\"\/><\/figure>\n\n\n\n<p><font size=\"2\">(jusqu&rsquo;\u00e0 la g\u00e9n\u00e9ration 10)<\/font><\/p>\n\n\n\n<figure class=\"wp-block-image size-large\"><img decoding=\"async\" src=\"\/_data\/geo10.png\" alt=\"\"\/><\/figure>\n\n\n\n<p>D\u00e9partement de l&rsquo;Oise (toutes g\u00e9n\u00e9rations)<\/p>\n\n\n\n<figure class=\"wp-block-image size-large\"><a href=\"\/_data\/Oise.png\"><img decoding=\"async\" src=\"\/_data\/Oise.png\" alt=\"\"\/><\/a><\/figure>\n\n\n\n<p>Belgique<\/p>\n\n\n\n<figure class=\"wp-block-image size-large\"><a href=\"\/_data\/Belgique.png\"><img decoding=\"async\" src=\"\/_data\/Belgique.png\" alt=\"\"\/><\/a><\/figure>\n\n\n\n<p><\/p>\n\n\n\n<hr class=\"wp-block-separator has-alpha-channel-opacity\"\/>\n\n\n<div class=\"wp-block-image\">\n<figure class=\"aligncenter size-full\"><a href=\"https:\/\/fr.wikipedia.org\/wiki\/Giacomo_Casanova\"><img loading=\"lazy\" decoding=\"async\" width=\"330\" height=\"424\" src=\"https:\/\/geneadc.ddns.net\/wp-content\/uploads\/2023\/09\/Casanova_ritratto.jpg\" alt=\"\" class=\"wp-image-75\" srcset=\"https:\/\/geneadc.ddns.net\/wp-content\/uploads\/2023\/09\/Casanova_ritratto.jpg 330w, https:\/\/geneadc.ddns.net\/wp-content\/uploads\/2023\/09\/Casanova_ritratto-233x300.jpg 233w\" sizes=\"auto, (max-width: 330px) 100vw, 330px\" \/><\/a><\/figure>\n<\/div>\n\n\n<p class=\"has-text-align-center\">Giacomo Casanova <font size=\"2\"><strong>1725-1798<\/strong> (pas de lien de parent\u00e9 \ud83d\ude09<\/font><\/p>\n\n\n\n<p><a href=\"https:\/\/www.histoireeurope.fr\/index.php\">Histoire de l&rsquo;Europe<\/a><br><a href=\"https:\/\/fr.wikipedia.org\/wiki\/Charlemagne\">Charlemagne<\/a><br><a href=\"https:\/\/fr.wikipedia.org\/wiki\/Liste_des_monarques_de_France\">Les monarques de France<\/a><br><a href=\"https:\/\/fr.wikipedia.org\/wiki\/Titre_de_noblesse#France\">Titre de noblesse<\/a><\/p>\n\n\n\n<p><a href=\"http:\/\/racineshistoire.free.fr\/LGN\/PDF\/Haynin.pdf\">Maison de Haynin<\/a><br><a href=\"http:\/\/jomave.chez-alice.fr\/ferlab\/chartier.html\">Famille Chartier<\/a><br><a href=\"https:\/\/guyderambaud.fandom.com\/fr\/wiki\/Famille_Loisel\">Famille Loisel<\/a><br><a href=\"https:\/\/man8rove.com\/fr\/blason\/6ybaz22-louvencourt\">Famille de Louvencourt<\/a><br><a href=\"https:\/\/man8rove.com\/fr\/blason\/9cgm0nx-scourion-alias-scourjon\">Famille Scourion<\/a><br><br><a href=\"https:\/\/fr.geneawiki.com\/wiki\/Accueil\">Geneawiki<\/a><br><a href=\"https:\/\/roglo.eu\/roglo?lang=fr%7C\">Base Roglo<\/a><br><a href=\"https:\/\/fr.wikipedia.org\/wiki\/Calendrier_gr%C3%A9gorien\">Calendrier gr\u00e9gorien<\/a> (<a href=\"https:\/\/www.memoiredeshommes.sga.defense.gouv.fr\/arkotheque\/arkotheque_conversion_calendrier.php\">Conversion<\/a>)<br><br><br><\/p>\n\n\n\n<p><\/p>\n\n\n\n<p>&#8230;<\/p>\n\n\n\n<p><\/p>\n\n\n<ul class=\"wp-block-latest-posts__list wp-block-latest-posts\"><li><a class=\"wp-block-latest-posts__post-title\" href=\"https:\/\/geneadc.ddns.net\/index.php\/2023\/09\/30\/famileo\/\">Prot\u00e9g\u00e9\u00a0: Famileo<\/a><\/li>\n<li><a class=\"wp-block-latest-posts__post-title\" href=\"https:\/\/geneadc.ddns.net\/index.php\/2023\/09\/12\/souvenirs\/\">Prot\u00e9g\u00e9\u00a0: Souvenirs<\/a><\/li>\n<li><a class=\"wp-block-latest-posts__post-title\" href=\"https:\/\/geneadc.ddns.net\/index.php\/2023\/09\/12\/vacances\/\">Prot\u00e9g\u00e9\u00a0: Vacances<\/a><\/li>\n<\/ul>","protected":false},"excerpt":{"rendered":"<p>Viggi\u00f9, (province de Var\u00e8se, Italie ; on prononce \u00ab\u00a0vidjou\u00ab\u00a0) &#8211; classic \u00e0 7 g\u00e9n\u00e9rations (01\/11\/2025) &#8211; classic \u00e0 10 g\u00e9n\u00e9rations (01\/11\/2025) >>> Arbre complet FILAE des ascendants (01\/11\/2025)4031 ascendants directs 1677 patronymes >>> Arbre horizontal wintree (01\/11\/2025) Branche compl\u00e8te des grands-parents:ARNOUD &#8211; CASANOVA \/ BAVAY &#8211; DHONT Page GeneanetPage FILAE (jusqu&rsquo;\u00e0 la g\u00e9n\u00e9ration 7) (jusqu&rsquo;\u00e0&hellip; <a class=\"more-link\" href=\"https:\/\/geneadc.ddns.net\/\">Poursuivre la lecture <span class=\"screen-reader-text\">Bienvenue<\/span><\/a><\/p>\n","protected":false},"author":3,"featured_media":0,"parent":0,"menu_order":0,"comment_status":"closed","ping_status":"open","template":"","meta":{"footnotes":""},"class_list":["post-6","page","type-page","status-publish","hentry","entry"],"_links":{"self":[{"href":"https:\/\/geneadc.ddns.net\/index.php\/wp-json\/wp\/v2\/pages\/6","targetHints":{"allow":["GET"]}}],"collection":[{"href":"https:\/\/geneadc.ddns.net\/index.php\/wp-json\/wp\/v2\/pages"}],"about":[{"href":"https:\/\/geneadc.ddns.net\/index.php\/wp-json\/wp\/v2\/types\/page"}],"author":[{"embeddable":true,"href":"https:\/\/geneadc.ddns.net\/index.php\/wp-json\/wp\/v2\/users\/3"}],"replies":[{"embeddable":true,"href":"https:\/\/geneadc.ddns.net\/index.php\/wp-json\/wp\/v2\/comments?post=6"}],"version-history":[{"count":93,"href":"https:\/\/geneadc.ddns.net\/index.php\/wp-json\/wp\/v2\/pages\/6\/revisions"}],"predecessor-version":[{"id":676,"href":"https:\/\/geneadc.ddns.net\/index.php\/wp-json\/wp\/v2\/pages\/6\/revisions\/676"}],"wp:attachment":[{"href":"https:\/\/geneadc.ddns.net\/index.php\/wp-json\/wp\/v2\/media?parent=6"}],"curies":[{"name":"wp","href":"https:\/\/api.w.org\/{rel}","templated":true}]}}